{"id":11,"date":"2023-11-02T11:53:14","date_gmt":"2023-11-02T11:53:14","guid":{"rendered":"https:\/\/demo2.webapps.vn\/?page_id=11"},"modified":"2023-11-02T11:53:14","modified_gmt":"2023-11-02T11:53:14","slug":"my-account","status":"publish","type":"page","link":"https:\/\/demo2.webapps.vn\/?page_id=11","title":{"rendered":"My account"},"content":{"rendered":"<div class=\"woocommerce\"><div class=\"woocommerce-notices-wrapper\"><\/div>\n\n<div class=\"u-columns col2-set\" id=\"customer_login\">\n\n    <div class=\"u-column1 login-form-col col-1\">\n\n\t\t\n        <form class=\"woocommerce-form woocommerce-form-login login\" method=\"post\">\n\n\t\t\t            <div class=\"woocommerce-form-login-wrap\">\n                <h2 class=\"login-form-title\">Login<\/h2>\n                <p class=\"woocommerce-form-row woocommerce-form-row--wide form-row form-row-wide\">\n                    <label for=\"username\">Username or email address                        &nbsp;<span class=\"required\">*<\/span><\/label>\n                    <input type=\"text\" class=\"woocommerce-Input woocommerce-Input--text input-text\" name=\"username\" id=\"username\" autocomplete=\"username\" value=\"\"\/>                <\/p>\n                <p class=\"woocommerce-form-row woocommerce-form-row--wide form-row form-row-wide\">\n                    <label for=\"password\">Password                        &nbsp;<span class=\"required\">*<\/span><\/label>\n                    <input class=\"woocommerce-Input woocommerce-Input--text input-text\" type=\"password\" name=\"password\" id=\"password\" autocomplete=\"current-password\"\/>\n                <\/p>\n\t\t\t\t                <button type=\"submit\" class=\"woocommerce-button button woocommerce-form-login__submit\" name=\"login\" value=\"Log in\">Log in<\/button>\n            <\/div>\n\n            <label class=\"woocommerce-form__label woocommerce-form__label-for-checkbox woocommerce-form-login__rememberme\">\n                <input class=\"woocommerce-form__input woocommerce-form__input-checkbox\" name=\"rememberme\" type=\"checkbox\" id=\"rememberme\" value=\"forever\"\/>\n                <span>Remember me<\/span>\n            <\/label>\n\t\t\t<input type=\"hidden\" id=\"woocommerce-login-nonce\" name=\"woocommerce-login-nonce\" value=\"caf646e1db\" \/><input type=\"hidden\" name=\"_wp_http_referer\" value=\"\/index.php?rest_route=%2Fwp%2Fv2%2Fpages%2F11\" \/>\n            <p class=\"woocommerce-LostPassword lost_password\">\n                <a href=\"https:\/\/demo2.webapps.vn\/?page_id=11&#038;lost-password\">Lost your password?<\/a>\n            <\/p>\n\n\t\t\t\n        <\/form>\n\n\t\t\n    <\/div>\n\n    <div class=\"u-column2 col-2\">\n\n\n        <form method=\"post\" class=\"woocommerce-form woocommerce-form-register register\"  >\n\n\t\t\t            <h2 class=\"register-from-title\">Register<\/h2>\n\n\t\t\t\n            <p class=\"woocommerce-form-row woocommerce-form-row--wide form-row form-row-wide\">\n                <label for=\"reg_email\">Email address                    &nbsp;<span class=\"required\">*<\/span><\/label>\n                <input type=\"email\" class=\"woocommerce-Input woocommerce-Input--text input-text\" name=\"email\" id=\"reg_email\" autocomplete=\"email\" value=\"\"\/>            <\/p>\n\n\t\t\t\n                <p>A password will be sent to your email address.<\/p>\n\n\t\t\t\n\t\t\t<div class=\"woocommerce-privacy-policy-text\"><p>D\u1eef li\u1ec7u c\u00e1 nh\u00e2n c\u1ee7a b\u1ea1n s\u1ebd \u0111\u01b0\u1ee3c s\u1eed d\u1ee5ng \u0111\u1ec3 h\u1ed7 tr\u1ee3 tr\u1ea3i nghi\u1ec7m c\u1ee7a b\u1ea1n tr\u00ean to\u00e0n b\u1ed9 trang web n\u00e0y, \u0111\u1ec3 qu\u1ea3n l\u00fd quy\u1ec1n truy c\u1eadp v\u00e0o t\u00e0i kho\u1ea3n c\u1ee7a b\u1ea1n v\u00e0 cho c\u00e1c m\u1ee5c \u0111\u00edch kh\u00e1c \u0111\u01b0\u1ee3c m\u00f4 t\u1ea3 trong ph\u1ea7n c\u1ee7a ch\u00fang t\u00f4i. <a href=\"https:\/\/demo2.webapps.vn\/?page_id=3\" class=\"woocommerce-privacy-policy-link\" target=\"_blank\">privacy policy<\/a>.<\/p>\n<\/div>\n            <p class=\"woocommerce-FormRow form-row\">\n\t\t\t\t<input type=\"hidden\" id=\"woocommerce-register-nonce\" name=\"woocommerce-register-nonce\" value=\"0a62c9e7a6\" \/><input type=\"hidden\" name=\"_wp_http_referer\" value=\"\/index.php?rest_route=%2Fwp%2Fv2%2Fpages%2F11\" \/>                <button type=\"submit\" class=\"woocommerce-Button woocommerce-button button woocommerce-form-register__submit\" name=\"register\" value=\"Register\">Register<\/button>\n            <\/p>\n\n\t\t\t\n        <\/form>\n\n    <\/div>\n\n<\/div>\n\n<\/div>\n","protected":false},"excerpt":{"rendered":"","protected":false},"author":1,"featured_media":0,"parent":0,"menu_order":0,"comment_status":"closed","ping_status":"closed","template":"","meta":{"inline_featured_image":false,"footnotes":""},"class_list":["post-11","page","type-page","status-publish","hentry"],"yoast_head":"<!-- This site is optimized with the Yoast SEO plugin v21.5 - https:\/\/yoast.com\/wordpress\/plugins\/seo\/ -->\n<title>My account - Ch\u00fa D\u01b0\u1ee3c S\u01b0<\/title>\n<meta name=\"robots\" content=\"index, follow, max-snippet:-1, max-image-preview:large, max-video-preview:-1\" \/>\n<link rel=\"canonical\" href=\"https:\/\/demo2.webapps.vn\/?page_id=11\" \/>\n<meta property=\"og:locale\" content=\"vi_VN\" \/>\n<meta property=\"og:type\" content=\"article\" \/>\n<meta property=\"og:title\" content=\"My account - Ch\u00fa D\u01b0\u1ee3c S\u01b0\" \/>\n<meta property=\"og:url\" content=\"https:\/\/demo2.webapps.vn\/?page_id=11\" \/>\n<meta property=\"og:site_name\" content=\"Ch\u00fa D\u01b0\u1ee3c S\u01b0\" \/>\n<meta name=\"twitter:card\" content=\"summary_large_image\" \/>\n<script type=\"application\/ld+json\" class=\"yoast-schema-graph\">{\"@context\":\"https:\/\/schema.org\",\"@graph\":[{\"@type\":\"WebPage\",\"@id\":\"https:\/\/demo2.webapps.vn\/?page_id=11\",\"url\":\"https:\/\/demo2.webapps.vn\/?page_id=11\",\"name\":\"My account - Ch\u00fa D\u01b0\u1ee3c S\u01b0\",\"isPartOf\":{\"@id\":\"https:\/\/demo2.webapps.vn\/#website\"},\"datePublished\":\"2023-11-02T11:53:14+00:00\",\"dateModified\":\"2023-11-02T11:53:14+00:00\",\"breadcrumb\":{\"@id\":\"https:\/\/demo2.webapps.vn\/?page_id=11#breadcrumb\"},\"inLanguage\":\"vi\",\"potentialAction\":[{\"@type\":\"ReadAction\",\"target\":[\"https:\/\/demo2.webapps.vn\/?page_id=11\"]}]},{\"@type\":\"BreadcrumbList\",\"@id\":\"https:\/\/demo2.webapps.vn\/?page_id=11#breadcrumb\",\"itemListElement\":[{\"@type\":\"ListItem\",\"position\":1,\"name\":\"Home\",\"item\":\"https:\/\/demo2.webapps.vn\/\"},{\"@type\":\"ListItem\",\"position\":2,\"name\":\"My account\"}]},{\"@type\":\"WebSite\",\"@id\":\"https:\/\/demo2.webapps.vn\/#website\",\"url\":\"https:\/\/demo2.webapps.vn\/\",\"name\":\"Ch\u00fa D\u01b0\u1ee3c S\u01b0\",\"description\":\"Kinh\",\"publisher\":{\"@id\":\"https:\/\/demo2.webapps.vn\/#organization\"},\"potentialAction\":[{\"@type\":\"SearchAction\",\"target\":{\"@type\":\"EntryPoint\",\"urlTemplate\":\"https:\/\/demo2.webapps.vn\/?s={search_term_string}\"},\"query-input\":\"required name=search_term_string\"}],\"inLanguage\":\"vi\"},{\"@type\":\"Organization\",\"@id\":\"https:\/\/demo2.webapps.vn\/#organization\",\"name\":\"Ch\u00fa D\u01b0\u1ee3c S\u01b0\",\"url\":\"https:\/\/demo2.webapps.vn\/\",\"logo\":{\"@type\":\"ImageObject\",\"inLanguage\":\"vi\",\"@id\":\"https:\/\/demo2.webapps.vn\/#\/schema\/logo\/image\/\",\"url\":\"https:\/\/demo2.webapps.vn\/wp-content\/uploads\/2020\/12\/logo-1.svg\",\"contentUrl\":\"https:\/\/demo2.webapps.vn\/wp-content\/uploads\/2020\/12\/logo-1.svg\",\"caption\":\"Ch\u00fa D\u01b0\u1ee3c S\u01b0\"},\"image\":{\"@id\":\"https:\/\/demo2.webapps.vn\/#\/schema\/logo\/image\/\"}}]}<\/script>\n<!-- \/ Yoast SEO plugin. -->","yoast_head_json":{"title":"My account - Ch\u00fa D\u01b0\u1ee3c S\u01b0","robots":{"index":"index","follow":"follow","max-snippet":"max-snippet:-1","max-image-preview":"max-image-preview:large","max-video-preview":"max-video-preview:-1"},"canonical":"https:\/\/demo2.webapps.vn\/?page_id=11","og_locale":"vi_VN","og_type":"article","og_title":"My account - Ch\u00fa D\u01b0\u1ee3c S\u01b0","og_url":"https:\/\/demo2.webapps.vn\/?page_id=11","og_site_name":"Ch\u00fa D\u01b0\u1ee3c S\u01b0","twitter_card":"summary_large_image","schema":{"@context":"https:\/\/schema.org","@graph":[{"@type":"WebPage","@id":"https:\/\/demo2.webapps.vn\/?page_id=11","url":"https:\/\/demo2.webapps.vn\/?page_id=11","name":"My account - Ch\u00fa D\u01b0\u1ee3c S\u01b0","isPartOf":{"@id":"https:\/\/demo2.webapps.vn\/#website"},"datePublished":"2023-11-02T11:53:14+00:00","dateModified":"2023-11-02T11:53:14+00:00","breadcrumb":{"@id":"https:\/\/demo2.webapps.vn\/?page_id=11#breadcrumb"},"inLanguage":"vi","potentialAction":[{"@type":"ReadAction","target":["https:\/\/demo2.webapps.vn\/?page_id=11"]}]},{"@type":"BreadcrumbList","@id":"https:\/\/demo2.webapps.vn\/?page_id=11#breadcrumb","itemListElement":[{"@type":"ListItem","position":1,"name":"Home","item":"https:\/\/demo2.webapps.vn\/"},{"@type":"ListItem","position":2,"name":"My account"}]},{"@type":"WebSite","@id":"https:\/\/demo2.webapps.vn\/#website","url":"https:\/\/demo2.webapps.vn\/","name":"Ch\u00fa D\u01b0\u1ee3c S\u01b0","description":"Kinh","publisher":{"@id":"https:\/\/demo2.webapps.vn\/#organization"},"potentialAction":[{"@type":"SearchAction","target":{"@type":"EntryPoint","urlTemplate":"https:\/\/demo2.webapps.vn\/?s={search_term_string}"},"query-input":"required name=search_term_string"}],"inLanguage":"vi"},{"@type":"Organization","@id":"https:\/\/demo2.webapps.vn\/#organization","name":"Ch\u00fa D\u01b0\u1ee3c S\u01b0","url":"https:\/\/demo2.webapps.vn\/","logo":{"@type":"ImageObject","inLanguage":"vi","@id":"https:\/\/demo2.webapps.vn\/#\/schema\/logo\/image\/","url":"https:\/\/demo2.webapps.vn\/wp-content\/uploads\/2020\/12\/logo-1.svg","contentUrl":"https:\/\/demo2.webapps.vn\/wp-content\/uploads\/2020\/12\/logo-1.svg","caption":"Ch\u00fa D\u01b0\u1ee3c S\u01b0"},"image":{"@id":"https:\/\/demo2.webapps.vn\/#\/schema\/logo\/image\/"}}]}},"_links":{"self":[{"href":"https:\/\/demo2.webapps.vn\/index.php?rest_route=\/wp\/v2\/pages\/11","targetHints":{"allow":["GET"]}}],"collection":[{"href":"https:\/\/demo2.webapps.vn\/index.php?rest_route=\/wp\/v2\/pages"}],"about":[{"href":"https:\/\/demo2.webapps.vn\/index.php?rest_route=\/wp\/v2\/types\/page"}],"author":[{"embeddable":true,"href":"https:\/\/demo2.webapps.vn\/index.php?rest_route=\/wp\/v2\/users\/1"}],"replies":[{"embeddable":true,"href":"https:\/\/demo2.webapps.vn\/index.php?rest_route=%2Fwp%2Fv2%2Fcomments&post=11"}],"version-history":[{"count":0,"href":"https:\/\/demo2.webapps.vn\/index.php?rest_route=\/wp\/v2\/pages\/11\/revisions"}],"wp:attachment":[{"href":"https:\/\/demo2.webapps.vn\/index.php?rest_route=%2Fwp%2Fv2%2Fmedia&parent=11"}],"curies":[{"name":"wp","href":"https:\/\/api.w.org\/{rel}","templated":true}]}}